{"id":306,"date":"2018-12-14T09:26:03","date_gmt":"2018-12-14T14:26:03","guid":{"rendered":"http:\/\/wglobalbusiness.com\/web\/?page_id=306"},"modified":"2026-03-10T13:48:41","modified_gmt":"2026-03-10T18:48:41","slug":"nosotros","status":"publish","type":"page","link":"https:\/\/www.wglobalbusiness.com\/?page_id=306","title":{"rendered":"nosotros"},"content":{"rendered":"[vc_row equal_height=\u00bbyes\u00bb content_placement=\u00bbmiddle\u00bb][vc_column width=\u00bb1\/2&#8243;][vc_custom_heading text=\u00bbqui\u00e9nes somos\u00bb use_theme_fonts=\u00bbyes\u00bb][vc_column_text]Organizaci\u00f3n comercial, con experiencia desde 1989, representante de marcas; cuyo objetivo es brindar infraestructura y talento humano para la captaci\u00f3n, desarrollo y consolidaci\u00f3n de mercados con las marcas representadas; a trav\u00e9s de la implementaci\u00f3n de planes de negocios efectivos, ejecutados por un equipo de profesionales comerciales y t\u00e9cnicos que proponen, dirigen y monitorean soluciones eficientes para los mercados de: Colombia, Ecuador y Venezuela.<\/p>\n<p>Poseemos el \u201c<strong>KNOW HOW<\/strong>\u201d necesario para desarrollar marcas l\u00edderes en mercados que conocemos a trav\u00e9s de distribuidores y dem\u00e1s canales que permitan llegar al usuario final.[\/vc_column_text][\/vc_column][vc_column width=\u00bb1\/2&#8243;][vc_single_image image=\u00bb1431&#8243; img_size=\u00bbfull\u00bb alignment=\u00bbcenter\u00bb css=\u00bb.vc_custom_1749071797355{margin-bottom: 0px !important;}\u00bb][\/vc_column][\/vc_row][vc_row equal_height=\u00bbyes\u00bb content_placement=\u00bbmiddle\u00bb css=\u00bb.vc_custom_1547136755101{margin-top: 5% !important;}\u00bb][vc_column width=\u00bb1\/2&#8243;][vc_single_image image=\u00bb1408&#8243; img_size=\u00bbfull\u00bb alignment=\u00bbcenter\u00bb css=\u00bb.vc_custom_1749072176436{margin-bottom: 0px !important;}\u00bb][\/vc_column][vc_column width=\u00bb1\/2&#8243;][vc_custom_heading text=\u00bbrepresentante de marca\u00bb use_theme_fonts=\u00bbyes\u00bb][vc_column_text]Somos la gerencia comercial delegada de las f\u00e1bricas para el desarrollo de nuevos mercados en la regi\u00f3n. Trabajamos con un equipo multidisciplinario que combina talento comercial y t\u00e9cnico; brindando soluciones a las necesidades del consumidor y, capacitaci\u00f3n permanente a fuerza de ventas, dise\u00f1adores, t\u00e9cnicos, distribuidores, sobre la marca.[\/vc_column_text][\/vc_column][\/vc_row][vc_row equal_height=\u00bbyes\u00bb content_placement=\u00bbmiddle\u00bb css=\u00bb.vc_custom_1547136766177{margin-top: 5% !important;}\u00bb][vc_column width=\u00bb1\/2&#8243;][vc_custom_heading text=\u00bbqu\u00e9 hacemos\u00bb use_theme_fonts=\u00bbyes\u00bb][vc_column_text]\n<ul>\n<li>Logramos resultados en ventas y posicionamiento de marca en pa\u00edses como Colombia, Ecuador y Venezuela.<\/li>\n<li>Realizamos sondeos y estudios de mercado para definir la situaci\u00f3n comercial de su marca.<\/li>\n<li>Detectamos oportunidades y emprendemos planes de negocios a corto, mediano y largo plazo para lograr resultados efectivos.<\/li>\n<li>Actividades promocionales, organizaci\u00f3n y participaci\u00f3n en Ferias y Exposiciones.<\/li>\n<li>B\u00fasqueda, selecci\u00f3n, capacitaci\u00f3n y monitoreo de Canales tradicionales o distribuidores.<\/li>\n<li>Estrategias comerciales y t\u00e9cnicas para captaci\u00f3n de cliente final, logrando independencia y apoyando comercialmente a los canales.<\/li>\n<\/ul>\n[\/vc_column_text][\/vc_column][vc_column width=\u00bb1\/2&#8243;][vc_single_image image=\u00bb1330&#8243; img_size=\u00bbfull\u00bb alignment=\u00bbcenter\u00bb css=\u00bb.vc_custom_1749071854047{margin-bottom: 0px !important;}\u00bb][\/vc_column][\/vc_row]\n","protected":false},"excerpt":{"rendered":"<p>[vc_row equal_height=\u00bbyes\u00bb content_placement=\u00bbmiddle\u00bb][vc_column width=\u00bb1\/2&#8243;][vc_custom_heading text=\u00bbqui\u00e9nes somos\u00bb use_theme_fonts=\u00bbyes\u00bb][vc_column_text]Organizaci\u00f3n comercial, con experiencia desde 1989, representante de marcas; cuyo objetivo es brindar infraestructura y talento humano para la captaci\u00f3n, desarrollo y consolidaci\u00f3n de mercados con las marcas representadas; a trav\u00e9s de la implementaci\u00f3n &hellip; <a href=\"https:\/\/www.wglobalbusiness.com\/?page_id=306\">Continuar<\/a><\/p>\n","protected":false},"author":3,"featured_media":0,"parent":0,"menu_order":0,"comment_status":"closed","ping_status":"closed","template":"page-fullwidth.php","meta":{"footnotes":""},"class_list":["post-306","page","type-page","status-publish","hentry"],"_links":{"self":[{"href":"https:\/\/www.wglobalbusiness.com\/index.php?rest_route=\/wp\/v2\/pages\/306","targetHints":{"allow":["GET"]}}],"collection":[{"href":"https:\/\/www.wglobalbusiness.com\/index.php?rest_route=\/wp\/v2\/pages"}],"about":[{"href":"https:\/\/www.wglobalbusiness.com\/index.php?rest_route=\/wp\/v2\/types\/page"}],"author":[{"embeddable":true,"href":"https:\/\/www.wglobalbusiness.com\/index.php?rest_route=\/wp\/v2\/users\/3"}],"replies":[{"embeddable":true,"href":"https:\/\/www.wglobalbusiness.com\/index.php?rest_route=%2Fwp%2Fv2%2Fcomments&post=306"}],"version-history":[{"count":82,"href":"https:\/\/www.wglobalbusiness.com\/index.php?rest_route=\/wp\/v2\/pages\/306\/revisions"}],"predecessor-version":[{"id":1811,"href":"https:\/\/www.wglobalbusiness.com\/index.php?rest_route=\/wp\/v2\/pages\/306\/revisions\/1811"}],"wp:attachment":[{"href":"https:\/\/www.wglobalbusiness.com\/index.php?rest_route=%2Fwp%2Fv2%2Fmedia&parent=306"}],"curies":[{"name":"wp","href":"https:\/\/api.w.org\/{rel}","templated":true}]}}