{"id":273,"date":"2018-12-13T13:51:39","date_gmt":"2018-12-13T18:51:39","guid":{"rendered":"http:\/\/wglobalbusiness.com\/web\/?page_id=273"},"modified":"2025-09-30T10:37:01","modified_gmt":"2025-09-30T15:37:01","slug":"contactenos","status":"publish","type":"page","link":"https:\/\/www.wglobalbusiness.com\/?page_id=273","title":{"rendered":"cont\u00e1ctanos"},"content":{"rendered":"[vc_row][vc_column][vc_tta_tabs style=\u00bbmodern\u00bb shape=\u00bbsquare\u00bb color=\u00bbblack\u00bb alignment=\u00bbcenter\u00bb active_section=\u00bb1&#8243; no_fill_content_area=\u00bbtrue\u00bb][vc_tta_section title=\u00bbcentro de experiencia Quito &#8211; Ecuador\u00bb tab_id=\u00bb1544726904747-b46285d4-42c6&#8243;][vc_row_inner][vc_column_inner width=\u00bb1\/2&#8243;][vc_gmaps link=\u00bb#E-8_JTNDaWZyYW1lJTIwc3JjJTNEJTIyaHR0cHMlM0ElMkYlMkZ3d3cuZ29vZ2xlLmNvbSUyRm1hcHMlMkZlbWJlZCUzRnBiJTNEJTIxMW0xNCUyMTFtOCUyMTFtMyUyMTFkMTk5NC44OTc0Mzk0OTk0MjIzJTIxMmQtNzguNDgyMzUyJTIxM2QtMC4xOTY0MDUwMDAwMDAwMDAwMiUyMTNtMiUyMTFpMTAyNCUyMTJpNzY4JTIxNGYxMy4xJTIxM20zJTIxMW0yJTIxMXMweDAlMjUzQTB4ZWQ3ZThmYWZiNWJiOGQ1OCUyMTJzV2dsb2JhbCUyQkJ1c2luZXNzJTIxNWUwJTIxM20yJTIxMXNlcyUyMTJzZWMlMjE0djE1NDUyNDMzMjcxMjglMjIlMjB3aWR0aCUzRCUyMjYwMCUyMiUyMGhlaWdodCUzRCUyMjQ1MCUyMiUyMGZyYW1lYm9yZGVyJTNEJTIyMCUyMiUyMHN0eWxlJTNEJTIyYm9yZGVyJTNBMCUyMiUyMGFsbG93ZnVsbHNjcmVlbiUzRSUzQyUyRmlmcmFtZSUzRQ==\u00bb size=\u00bb500&#8243;][\/vc_column_inner][vc_column_inner width=\u00bb1\/2&#8243;][vc_single_image image=\u00bb1388&#8243; img_size=\u00bbfull\u00bb][vc_column_text]<i class=\"icon-location-arrow\" style=\"font-size:16px; color:#000;\"><\/i> Av. Coru\u00f1a N30 \u2013 89 y Whymper Quito &#8211; Ecuador<\/p>\n<i class=\"icon-phone\" style=\"font-size:16px; color:#000;\"><\/i> +593 (02) 2 521 984 &#8211; 2 560 747<\/p>\n<i class=\"icon-phone\" style=\"font-size:16px; color:#000;\"><\/i> WhatsApp +1 (213) 973-6488<\/p>\n<i class=\"icon-envelope-alt\" style=\"font-size:16px; color:#000;\"><\/i> contacto@wglobalbusiness.com<\/p>\n<i class=\"icon-table\" style=\"font-size:16px; color:#000;\"><\/i> Monday to Friday: 9am to 7pm[\/vc_column_text][\/vc_column_inner][\/vc_row_inner][\/vc_tta_section][vc_tta_section title=\u00bboficina Bogot\u00e1 &#8211; Colombia\u00bb tab_id=\u00bb1544728207207-7a8f6af4-ea12&#8243;][vc_row_inner][vc_column_inner width=\u00bb1\/2&#8243;][vc_gmaps link=\u00bb#E-8_JTNDaWZyYW1lJTIwc3JjJTNEJTIyaHR0cHMlM0ElMkYlMkZ3d3cuZ29vZ2xlLmNvbSUyRm1hcHMlMkZlbWJlZCUzRnBiJTNEJTIxMW0xOCUyMTFtMTIlMjExbTMlMjExZDk0OC40OTc5MzYxMTY5MjIlMjEyZC03NC4wNDc2OTAyODExMTc2MSUyMTNkNC42ODExMTYyOTYzMDkzOTE1JTIxMm0zJTIxMWYwJTIxMmYwJTIxM2YwJTIxM20yJTIxMWkxMDI0JTIxMmk3NjglMjE0ZjEzLjElMjEzbTMlMjExbTIlMjExczB4OGUzZjlhOTE1NGZhOWEzZCUyNTNBMHgzNGYwOTgzYmI1MmE1Mjg5JTIxMnNDcmEuJTJCMTMlMkIlMjUyMzk2LTY3JTI1MkMlMkJCb2dvdCUyNUMzJTI1QTElMjUyQyUyQkNvbG9tYmlhJTIxNWUwJTIxM20yJTIxMXNlcy00MTklMjEyc2VjJTIxNHYxNTQ0NzI5OTU3OTcyJTIyJTIwd2lkdGglM0QlMjI2MDAlMjIlMjBoZWlnaHQlM0QlMjI0NTAlMjIlMjBmcmFtZWJvcmRlciUzRCUyMjAlMjIlMjBzdHlsZSUzRCUyMmJvcmRlciUzQTAlMjIlMjBhbGxvd2Z1bGxzY3JlZW4lM0UlM0MlMkZpZnJhbWUlM0U=\u00bb size=\u00bb500&#8243;][\/vc_column_inner][vc_column_inner width=\u00bb1\/2&#8243;][vc_single_image image=\u00bb1390&#8243; img_size=\u00bbfull\u00bb][vc_column_text]<i class=\"icon-location-arrow\" style=\"font-size:16px; color:#000;\"><\/i> Carrera 13 N\u00b096 67 oficina 607, edificio Akori Bogota &#8211; Colombia<\/p>\n<i class=\"icon-phone\" style=\"font-size:16px; color:#000;\"><\/i> +57 3124634129<\/p>\n<i class=\"icon-envelope-alt\" style=\"font-size:16px; color:#000;\"><\/i> djimenez@wglobalbusiness.com<\/p>\n<i class=\"icon-table\" style=\"font-size:16px; color:#000;\"><\/i> Monday to Friday: 9am to 7pm[\/vc_column_text][\/vc_column_inner][\/vc_row_inner][\/vc_tta_section][vc_tta_section i_position=\u00bbright\u00bb i_icon_fontawesome=\u00bbfa fa-envelope-open-o\u00bb add_icon=\u00bbtrue\u00bb title=\u00bbescr\u00edbenos\u00bb tab_id=\u00bb1545243730875-0ec4abe9-acfc\u00bb][vc_row_inner][vc_column_inner width=\u00bb1\/2&#8243;][vc_custom_heading text=\u00bb\u00bfNecesitas m\u00e1s informaci\u00f3n? escr\u00edbenos!\u00bb font_container=\u00bbtag:p|text_align:left\u00bb use_theme_fonts=\u00bbyes\u00bb css=\u00bb.vc_custom_1545244755685{margin-top: 2% !important;}\u00bb]<div role=\"form\" class=\"wpcf7\" id=\"wpcf7-f520-o1\" lang=\"es-ES\" dir=\"ltr\">\n<div class=\"screen-reader-response\" role=\"alert\" aria-live=\"polite\"><\/div>\n<form action=\"\/index.php?rest_route=%2Fwp%2Fv2%2Fpages%2F273#wpcf7-f520-o1\" method=\"post\" class=\"wpcf7-form init\" novalidate=\"novalidate\">\n<div style=\"display: none;\">\n<input type=\"hidden\" name=\"_wpcf7\" value=\"520\" \/>\n<input type=\"hidden\" name=\"_wpcf7_version\" value=\"5.2.2\" \/>\n<input type=\"hidden\" name=\"_wpcf7_locale\" value=\"es_ES\" \/>\n<input type=\"hidden\" name=\"_wpcf7_unit_tag\" value=\"wpcf7-f520-o1\" \/>\n<input type=\"hidden\" name=\"_wpcf7_container_post\" value=\"0\" \/>\n<input type=\"hidden\" name=\"_wpcf7_posted_data_hash\" value=\"\" \/>\n<\/div>\n<p><label><span class=\"wpcf7-form-control-wrap your-name\"><input type=\"text\" name=\"your-name\" value=\"\" size=\"40\" class=\"wpcf7-form-control wpcf7-text wpcf7-validates-as-required\" aria-required=\"true\" aria-invalid=\"false\" placeholder=\"nombres y apellidos (requerido)\" \/><\/span> <\/label><\/p>\n<p><label><span class=\"wpcf7-form-control-wrap your-email\"><input type=\"email\" name=\"your-email\" value=\"\" size=\"40\" class=\"wpcf7-form-control wpcf7-text wpcf7-email wpcf7-validates-as-required wpcf7-validates-as-email\" aria-required=\"true\" aria-invalid=\"false\" placeholder=\"correo electr\u00f3nico (requerido)\" \/><\/span> <\/label><\/p>\n<p><label><span class=\"wpcf7-form-control-wrap your-tel\"><input type=\"tel\" name=\"your-tel\" value=\"\" size=\"40\" class=\"wpcf7-form-control wpcf7-text wpcf7-tel wpcf7-validates-as-required wpcf7-validates-as-tel\" aria-required=\"true\" aria-invalid=\"false\" placeholder=\"tel\u00e9fono (requerido)\" \/><\/span> <\/label><\/p>\n<p><label><span class=\"wpcf7-form-control-wrap your-subject\"><input type=\"text\" name=\"your-subject\" value=\"\" size=\"40\" class=\"wpcf7-form-control wpcf7-text wpcf7-validates-as-required\" aria-required=\"true\" aria-invalid=\"false\" placeholder=\"asunto (requerido)\" \/><\/span> <\/label><\/p>\n<p><label><span class=\"wpcf7-form-control-wrap your-message\"><textarea name=\"your-message\" cols=\"40\" rows=\"4\" class=\"wpcf7-form-control wpcf7-textarea\" aria-invalid=\"false\" placeholder=\"mensaje\"><\/textarea><\/span> <\/label><\/p>\n<p><input type=\"submit\" value=\"Enviar\" class=\"wpcf7-form-control wpcf7-submit\" \/><\/p>\n<div class=\"wpcf7-response-output\" role=\"alert\" aria-hidden=\"true\"><\/div><\/form><\/div>[\/vc_column_inner][vc_column_inner width=\u00bb1\/2&#8243;][vc_single_image image=\u00bb1391&#8243; img_size=\u00bbfull\u00bb][\/vc_column_inner][\/vc_row_inner][\/vc_tta_section][\/vc_tta_tabs][\/vc_column][\/vc_row]\n","protected":false},"excerpt":{"rendered":"<p>[vc_row][vc_column][vc_tta_tabs style=\u00bbmodern\u00bb shape=\u00bbsquare\u00bb color=\u00bbblack\u00bb alignment=\u00bbcenter\u00bb active_section=\u00bb1&#8243; no_fill_content_area=\u00bbtrue\u00bb][vc_tta_section title=\u00bbcentro de experiencia Quito &#8211; Ecuador\u00bb tab_id=\u00bb1544726904747-b46285d4-42c6&#8243;][vc_row_inner][vc_column_inner width=\u00bb1\/2&#8243;][vc_gmaps link=\u00bb#E-8_JTNDaWZyYW1lJTIwc3JjJTNEJTIyaHR0cHMlM0ElMkYlMkZ3d3cuZ29vZ2xlLmNvbSUyRm1hcHMlMkZlbWJlZCUzRnBiJTNEJTIxMW0xNCUyMTFtOCUyMTFtMyUyMTFkMTk5NC44OTc0Mzk0OTk0MjIzJTIxMmQtNzguNDgyMzUyJTIxM2QtMC4xOTY0MDUwMDAwMDAwMDAwMiUyMTNtMiUyMTFpMTAyNCUyMTJpNzY4JTIxNGYxMy4xJTIxM20zJTIxMW0yJTIxMXMweDAlMjUzQTB4ZWQ3ZThmYWZiNWJiOGQ1OCUyMTJzV2dsb2JhbCUyQkJ1c2luZXNzJTIxNWUwJTIxM20yJTIxMXNlcyUyMTJzZWMlMjE0djE1NDUyNDMzMjcxMjglMjIlMjB3aWR0aCUzRCUyMjYwMCUyMiUyMGhlaWdodCUzRCUyMjQ1MCUyMiUyMGZyYW1lYm9yZGVyJTNEJTIyMCUyMiUyMHN0eWxlJTNEJTIyYm9yZGVyJTNBMCUyMiUyMGFsbG93ZnVsbHNjcmVlbiUzRSUzQyUyRmlmcmFtZSUzRQ==\u00bb size=\u00bb500&#8243;][\/vc_column_inner][vc_column_inner width=\u00bb1\/2&#8243;][vc_single_image image=\u00bb1388&#8243; img_size=\u00bbfull\u00bb][vc_column_text] Av. Coru\u00f1a N30 \u2013 89 y Whymper Quito &#8211; Ecuador +593 (02) 2 521 984 &#8211; 2 560 747 WhatsApp &hellip; <a href=\"https:\/\/www.wglobalbusiness.com\/?page_id=273\">Continuar<\/a><\/p>\n","protected":false},"author":3,"featured_media":0,"parent":0,"menu_order":0,"comment_status":"closed","ping_status":"closed","template":"page-fullwidth.php","meta":{"footnotes":""},"class_list":["post-273","page","type-page","status-publish","hentry"],"_links":{"self":[{"href":"https:\/\/www.wglobalbusiness.com\/index.php?rest_route=\/wp\/v2\/pages\/273","targetHints":{"allow":["GET"]}}],"collection":[{"href":"https:\/\/www.wglobalbusiness.com\/index.php?rest_route=\/wp\/v2\/pages"}],"about":[{"href":"https:\/\/www.wglobalbusiness.com\/index.php?rest_route=\/wp\/v2\/types\/page"}],"author":[{"embeddable":true,"href":"https:\/\/www.wglobalbusiness.com\/index.php?rest_route=\/wp\/v2\/users\/3"}],"replies":[{"embeddable":true,"href":"https:\/\/www.wglobalbusiness.com\/index.php?rest_route=%2Fwp%2Fv2%2Fcomments&post=273"}],"version-history":[{"count":31,"href":"https:\/\/www.wglobalbusiness.com\/index.php?rest_route=\/wp\/v2\/pages\/273\/revisions"}],"predecessor-version":[{"id":1679,"href":"https:\/\/www.wglobalbusiness.com\/index.php?rest_route=\/wp\/v2\/pages\/273\/revisions\/1679"}],"wp:attachment":[{"href":"https:\/\/www.wglobalbusiness.com\/index.php?rest_route=%2Fwp%2Fv2%2Fmedia&parent=273"}],"curies":[{"name":"wp","href":"https:\/\/api.w.org\/{rel}","templated":true}]}}