{"id":2,"date":"2018-11-28T19:50:48","date_gmt":"2018-11-28T19:50:48","guid":{"rendered":"http:\/\/localhost\/wglobal\/?page_id=2"},"modified":"2025-06-04T16:02:04","modified_gmt":"2025-06-04T21:02:04","slug":"inicio","status":"publish","type":"page","link":"https:\/\/www.wglobalbusiness.com\/","title":{"rendered":"Inicio"},"content":{"rendered":"[vc_row full_width=\u00bbstretch_row_content\u00bb][vc_column][rev_slider_vc alias=\u00bbfashion1&#8243;][\/vc_column][\/vc_row][vc_row equal_height=\u00bbyes\u00bb content_placement=\u00bbmiddle\u00bb css=\u00bb.vc_custom_1546019903830{margin-top: 3% !important;margin-bottom: 3% !important;}\u00bb][vc_column width=\u00bb1\/2&#8243;][vc_custom_heading text=\u00bbqui\u00e9nes somos\u00bb font_container=\u00bbtag:h2|text_align:left|color:%23000000&#8243; use_theme_fonts=\u00bbyes\u00bb link=\u00bburl:http%3A%2F%2Fwww.wglobalbusiness.com%2F%3Fpage_id%3D306|||\u00bb][vc_column_text]Organizaci\u00f3n comercial, con experiencia desde 1989, representante de marcas; cuyo objetivo es brindar infraestructura y talento humano para la captaci\u00f3n, desarrollo y consolidaci\u00f3n de mercados con las marcas representadas; a trav\u00e9s de la implementaci\u00f3n de planes de negocios efectivos, ejecutados por un equipo de profesionales comerciales y t\u00e9cnicos que proponen, dirigen y monitorean soluciones eficientes para los mercados de: Colombia, Ecuador, y Venezuela.<\/p>\n<p>Poseemos el \u201c<a href=\"http:\/\/www.wglobalbusiness.com\/?page_id=306\"><strong>KNOW HOW<\/strong><\/a>\u201d necesario para desarrollar marcas l\u00edderes en mercados que conocemos a trav\u00e9s de distribuidores y dem\u00e1s canales que permitan llegar al usuario final.[\/vc_column_text][\/vc_column][vc_column width=\u00bb1\/2&#8243;][vc_single_image image=\u00bb1403&#8243; img_size=\u00bbfull\u00bb][\/vc_column][\/vc_row][vc_row][vc_column][vc_basic_grid post_type=\u00bbids\u00bb item=\u00bb245&#8243; grid_id=\u00bbvc_gid:1749070906661-56314650-671d-0&#8243; include=\u00bb479, 467, 86&#8243;][\/vc_column][\/vc_row]\n","protected":false},"excerpt":{"rendered":"<p>[vc_row full_width=\u00bbstretch_row_content\u00bb][vc_column][rev_slider_vc alias=\u00bbfashion1&#8243;][\/vc_column][\/vc_row][vc_row equal_height=\u00bbyes\u00bb content_placement=\u00bbmiddle\u00bb css=\u00bb.vc_custom_1546019903830{margin-top: 3% !important;margin-bottom: 3% !important;}\u00bb][vc_column width=\u00bb1\/2&#8243;][vc_custom_heading text=\u00bbqui\u00e9nes somos\u00bb font_container=\u00bbtag:h2|text_align:left|color:%23000000&#8243; use_theme_fonts=\u00bbyes\u00bb link=\u00bburl:http%3A%2F%2Fwww.wglobalbusiness.com%2F%3Fpage_id%3D306|||\u00bb][vc_column_text]Organizaci\u00f3n comercial, con experiencia desde 1989, representante de marcas; cuyo objetivo es brindar infraestructura y talento humano para la captaci\u00f3n, desarrollo y consolidaci\u00f3n de mercados &hellip; <a href=\"https:\/\/www.wglobalbusiness.com\/\">Continuar<\/a><\/p>\n","protected":false},"author":3,"featured_media":0,"parent":0,"menu_order":0,"comment_status":"closed","ping_status":"closed","template":"page-fullwidth.php","meta":{"footnotes":""},"class_list":["post-2","page","type-page","status-publish","hentry"],"_links":{"self":[{"href":"https:\/\/www.wglobalbusiness.com\/index.php?rest_route=\/wp\/v2\/pages\/2","targetHints":{"allow":["GET"]}}],"collection":[{"href":"https:\/\/www.wglobalbusiness.com\/index.php?rest_route=\/wp\/v2\/pages"}],"about":[{"href":"https:\/\/www.wglobalbusiness.com\/index.php?rest_route=\/wp\/v2\/types\/page"}],"author":[{"embeddable":true,"href":"https:\/\/www.wglobalbusiness.com\/index.php?rest_route=\/wp\/v2\/users\/3"}],"replies":[{"embeddable":true,"href":"https:\/\/www.wglobalbusiness.com\/index.php?rest_route=%2Fwp%2Fv2%2Fcomments&post=2"}],"version-history":[{"count":58,"href":"https:\/\/www.wglobalbusiness.com\/index.php?rest_route=\/wp\/v2\/pages\/2\/revisions"}],"predecessor-version":[{"id":1429,"href":"https:\/\/www.wglobalbusiness.com\/index.php?rest_route=\/wp\/v2\/pages\/2\/revisions\/1429"}],"wp:attachment":[{"href":"https:\/\/www.wglobalbusiness.com\/index.php?rest_route=%2Fwp%2Fv2%2Fmedia&parent=2"}],"curies":[{"name":"wp","href":"https:\/\/api.w.org\/{rel}","templated":true}]}}